{"id":18636,"date":"2026-04-22T10:28:20","date_gmt":"2026-04-22T08:28:20","guid":{"rendered":"http:\/\/www.hiriberri-villanuevadeaezkoa.es\/?page_id=18636"},"modified":"2026-04-24T12:37:08","modified_gmt":"2026-04-24T10:37:08","slug":"financiacion-fondos-europeos","status":"publish","type":"page","link":"http:\/\/www.hiriberri-villanuevadeaezkoa.es\/eu\/financiacion-fondos-europeos\/","title":{"rendered":"Financiaci\u00f3n Fondos Europeos"},"content":{"rendered":"<p><\/p>\n<h4 style=\"text-align: center\"><span style=\"color: #000080\"><a style=\"color: #000080\"><strong>FONDOS NEXT GENERATION EU EN EL MARCO DEL PLAN DE RECUPERACI\u00d3N, TRANSFORMACI\u00d3N Y RESILIENCIA (PRTR)<\/strong><\/a><\/span><\/h4>\n<p>&nbsp;<\/p>\n<p><img loading=\"lazy\" decoding=\"async\" class=\"aligncenter wp-image-434 size-medium\" src=\"http:\/\/www.hiriberri-villanuevadeaezkoa.es\/wp-content\/uploads\/sites\/82\/2018\/06\/Titulo-300x55.jpg\" alt=\"\" width=\"300\" height=\"55\" srcset=\"http:\/\/www.hiriberri-villanuevadeaezkoa.es\/wp-content\/uploads\/sites\/82\/2018\/06\/Titulo-300x55.jpg 300w, http:\/\/www.hiriberri-villanuevadeaezkoa.es\/wp-content\/uploads\/sites\/82\/2018\/06\/Titulo-600x111.jpg 600w, http:\/\/www.hiriberri-villanuevadeaezkoa.es\/wp-content\/uploads\/sites\/82\/2018\/06\/Titulo.jpg 650w\" sizes=\"auto, (max-width: 300px) 100vw, 300px\" \/><\/p>\n<p><img loading=\"lazy\" decoding=\"async\" class=\"aligncenter wp-image-18697 size-medium\" src=\"http:\/\/www.hiriberri-villanuevadeaezkoa.es\/wp-content\/uploads\/sites\/82\/2026\/04\/MIT.Gob_.Web_-300x86.png\" alt=\"\" width=\"300\" height=\"86\" srcset=\"http:\/\/www.hiriberri-villanuevadeaezkoa.es\/wp-content\/uploads\/sites\/82\/2026\/04\/MIT.Gob_.Web_-300x86.png 300w, http:\/\/www.hiriberri-villanuevadeaezkoa.es\/wp-content\/uploads\/sites\/82\/2026\/04\/MIT.Gob_.Web_-1024x294.png 1024w, http:\/\/www.hiriberri-villanuevadeaezkoa.es\/wp-content\/uploads\/sites\/82\/2026\/04\/MIT.Gob_.Web_-768x221.png 768w, http:\/\/www.hiriberri-villanuevadeaezkoa.es\/wp-content\/uploads\/sites\/82\/2026\/04\/MIT.Gob_.Web_-600x172.png 600w, http:\/\/www.hiriberri-villanuevadeaezkoa.es\/wp-content\/uploads\/sites\/82\/2026\/04\/MIT.Gob_.Web_-1536x441.png 1536w, http:\/\/www.hiriberri-villanuevadeaezkoa.es\/wp-content\/uploads\/sites\/82\/2026\/04\/MIT.Gob_.Web_-2048x589.png 2048w\" sizes=\"auto, (max-width: 300px) 100vw, 300px\" \/><\/p>\n<p><img loading=\"lazy\" decoding=\"async\" class=\"aligncenter wp-image-18696 size-medium\" src=\"http:\/\/www.hiriberri-villanuevadeaezkoa.es\/wp-content\/uploads\/sites\/82\/2026\/04\/Logo-PRTR-tres-lineas_COLOR-300x169.png\" alt=\"\" width=\"300\" height=\"169\" srcset=\"http:\/\/www.hiriberri-villanuevadeaezkoa.es\/wp-content\/uploads\/sites\/82\/2026\/04\/Logo-PRTR-tres-lineas_COLOR-300x169.png 300w, http:\/\/www.hiriberri-villanuevadeaezkoa.es\/wp-content\/uploads\/sites\/82\/2026\/04\/Logo-PRTR-tres-lineas_COLOR-1024x576.png 1024w, http:\/\/www.hiriberri-villanuevadeaezkoa.es\/wp-content\/uploads\/sites\/82\/2026\/04\/Logo-PRTR-tres-lineas_COLOR-768x432.png 768w, http:\/\/www.hiriberri-villanuevadeaezkoa.es\/wp-content\/uploads\/sites\/82\/2026\/04\/Logo-PRTR-tres-lineas_COLOR-600x338.png 600w, http:\/\/www.hiriberri-villanuevadeaezkoa.es\/wp-content\/uploads\/sites\/82\/2026\/04\/Logo-PRTR-tres-lineas_COLOR-1536x864.png 1536w, http:\/\/www.hiriberri-villanuevadeaezkoa.es\/wp-content\/uploads\/sites\/82\/2026\/04\/Logo-PRTR-tres-lineas_COLOR.png 1920w\" sizes=\"auto, (max-width: 300px) 100vw, 300px\" \/><\/p>\n<p style=\"text-align: center\"><img loading=\"lazy\" decoding=\"async\" class=\"alignnone wp-image-18695 size-medium\" src=\"http:\/\/www.hiriberri-villanuevadeaezkoa.es\/wp-content\/uploads\/sites\/82\/2026\/04\/ES-Financiado-por-la-Union-Europea_PANTONE-300x80.jpg\" alt=\"\" width=\"300\" height=\"80\" srcset=\"http:\/\/www.hiriberri-villanuevadeaezkoa.es\/wp-content\/uploads\/sites\/82\/2026\/04\/ES-Financiado-por-la-Union-Europea_PANTONE-300x80.jpg 300w, http:\/\/www.hiriberri-villanuevadeaezkoa.es\/wp-content\/uploads\/sites\/82\/2026\/04\/ES-Financiado-por-la-Union-Europea_PANTONE-1024x272.jpg 1024w, http:\/\/www.hiriberri-villanuevadeaezkoa.es\/wp-content\/uploads\/sites\/82\/2026\/04\/ES-Financiado-por-la-Union-Europea_PANTONE-768x204.jpg 768w, http:\/\/www.hiriberri-villanuevadeaezkoa.es\/wp-content\/uploads\/sites\/82\/2026\/04\/ES-Financiado-por-la-Union-Europea_PANTONE-600x159.jpg 600w, http:\/\/www.hiriberri-villanuevadeaezkoa.es\/wp-content\/uploads\/sites\/82\/2026\/04\/ES-Financiado-por-la-Union-Europea_PANTONE-1536x407.jpg 1536w, http:\/\/www.hiriberri-villanuevadeaezkoa.es\/wp-content\/uploads\/sites\/82\/2026\/04\/ES-Financiado-por-la-Union-Europea_PANTONE-2048x543.jpg 2048w\" sizes=\"auto, (max-width: 300px) 100vw, 300px\" \/><\/p>\n<p>&nbsp;<\/p>\n<div class=\"wp-block-uagb-container uagb-block-9f5a14e4 alignfull uagb-is-root-container\">\n<div class=\"uagb-container-inner-blocks-wrap\">\n<div class=\"wp-block-uagb-advanced-heading uagb-block-34024ca0\">\n<div class=\"wp-block-uagb-container uagb-block-9f5a14e4 alignfull uagb-is-root-container\">\n<div class=\"uagb-container-inner-blocks-wrap\">\n<div class=\"wp-block-uagb-advanced-heading uagb-block-34024ca0\">\n<h5 class=\"uagb-heading-text\"><span style=\"color: #000080\"><a style=\"color: #000080\"><strong>POLITICA ANTIFRAUDE<\/strong><\/a><\/span><\/h5>\n<p>&nbsp;<\/p>\n<\/div>\n<\/div>\n<\/div>\n<div class=\"wp-block-uagb-container uagb-block-9a8c06a5 alignfull uagb-is-root-container\">\n<div class=\"uagb-container-inner-blocks-wrap\">\n<h4 class=\"wp-block-heading\">Canal Denuncias Antifraude<\/h4>\n<p style=\"text-align: justify\">Si desea denunciar hechos que puedan ser constitutivos de fraude o irregularidad en relaci\u00f3n con proyectos u operaciones financiados con cargo a fondos procedentes de la Uni\u00f3n Europea, puede utilizar el canal habilitado al efecto por el Ayuntamiento de Hiriberri-Villanueva de Aezkoa, y al que se puede acceder remitiendo un email a la siguiente direcci\u00f3n: <a href=\"mailto:canaldenuncias@hiriberri-villanuevadeaezkoa.es\"><strong>canaldenuncias@hiriberri-villanuevadeaezkoa.es<\/strong><\/a><br \/>\nIgualmente, se informa que adem\u00e1s de los procedimientos establecidos en este mismo documento, cualquier ciudadano o empleado p\u00fablico, podr\u00e1 comunicar hechos presuntamente fraudulentos al SNCA, a trav\u00e9s del canal de denuncias externo \u201cInfofraude\u201d, habilitado al efecto por dicho servicio en la direcci\u00f3n web:<\/p>\n<p><a href=\"https:\/\/www.igae.pap.hacienda.gob.es\/sitios\/igae\/es-ES\/snca\/Paginas\/ComunicacionSNCA.aspx\" target=\"_blank\" rel=\"noreferrer noopener\"><strong>Comunicaci\u00f3n de informaci\u00f3n sobre fraudes o irregularidades que afecten a fondos europeos.<\/strong><\/a><\/p>\n<h4 class=\"wp-block-heading\">Documentos<\/h4>\n<p style=\"text-align: justify\">La Pol\u00edtica Antifraude en el marco del Plan de Recuperaci\u00f3n, Transformaci\u00f3n y Resiliencia (PRTR) y de los fondos NGEU fue aprobada en sesi\u00f3n de pleno del Ayuntamiento de Hiriberri-Villanueva de Aezkoa.<br \/>\n<strong><br \/>\n<a href=\"\/wp-content\/uploads\/sites\/82\/2026\/04\/PLAN-MEDIDAS-ANTIFRAUDE-PRTR-con-ANEXOSDOC-general-AytoHiriberri.pdf\" class=\"mtli_attachment mtli_pdf\" target=\"_blank\" rel=\"noopener\">Plan de medidas Antifraude<\/a><\/strong><\/p>\n<h4 class=\"wp-block-heading\">PROYECTOS EUROPEOS<\/h4>\n<p><a href=\"http:\/\/www.hiriberri-villanuevadeaezkoa.es\/wp-content\/uploads\/sites\/82\/2026\/04\/Diapositiva1.jpg\"><img loading=\"lazy\" decoding=\"async\" class=\"alignnone wp-image-18704 size-full\" src=\"http:\/\/www.hiriberri-villanuevadeaezkoa.es\/wp-content\/uploads\/sites\/82\/2026\/04\/Diapositiva1.jpg\" alt=\"\" width=\"1280\" height=\"720\" srcset=\"http:\/\/www.hiriberri-villanuevadeaezkoa.es\/wp-content\/uploads\/sites\/82\/2026\/04\/Diapositiva1.jpg 1280w, http:\/\/www.hiriberri-villanuevadeaezkoa.es\/wp-content\/uploads\/sites\/82\/2026\/04\/Diapositiva1-300x169.jpg 300w, http:\/\/www.hiriberri-villanuevadeaezkoa.es\/wp-content\/uploads\/sites\/82\/2026\/04\/Diapositiva1-1024x576.jpg 1024w, http:\/\/www.hiriberri-villanuevadeaezkoa.es\/wp-content\/uploads\/sites\/82\/2026\/04\/Diapositiva1-768x432.jpg 768w, http:\/\/www.hiriberri-villanuevadeaezkoa.es\/wp-content\/uploads\/sites\/82\/2026\/04\/Diapositiva1-600x338.jpg 600w\" sizes=\"auto, (max-width: 1280px) 100vw, 1280px\" \/><\/a><\/p>\n<\/div>\n<\/div>\n<\/div>\n<\/div>\n<\/div>\n<p><\/p>","protected":false},"excerpt":{"rendered":"<p>FONDOS NEXT GENERATION EU EN EL MARCO DEL PLAN DE RECUPERACI\u00d3N, TRANSFORMACI\u00d3N Y RESILIENCIA (PRTR) &nbsp; &nbsp; POLITICA ANTIFRAUDE &nbsp; Canal Denuncias Antifraude Si desea denunciar hechos que puedan ser constitutivos de fraude o irregularidad en relaci\u00f3n con proyectos u&hellip; <\/p>\n","protected":false},"author":115,"featured_media":0,"parent":0,"menu_order":0,"comment_status":"closed","ping_status":"closed","template":"","meta":{"_monsterinsights_skip_tracking":false,"_monsterinsights_sitenote_active":false,"_monsterinsights_sitenote_note":"","_monsterinsights_sitenote_category":0,"footnotes":""},"class_list":["post-18636","page","type-page","status-publish","hentry"],"yoast_head":"<!-- This site is optimized with the Yoast SEO plugin v26.8 - https:\/\/yoast.com\/product\/yoast-seo-wordpress\/ -->\r\n<title>Financiaci\u00f3n Fondos Europeos - Hirriberri - Villanueva de Aezkoa-ko Udala<\/title>\r\n<meta name=\"robots\" content=\"index, follow, max-snippet:-1, max-image-preview:large, max-video-preview:-1\" \/>\r\n<link rel=\"canonical\" href=\"http:\/\/www.hiriberri-villanuevadeaezkoa.es\/financiacion-fondos-europeos\/\" \/>\r\n<meta property=\"og:locale\" content=\"eu_ES\" \/>\r\n<meta property=\"og:type\" content=\"article\" \/>\r\n<meta property=\"og:title\" content=\"Financiaci\u00f3n Fondos Europeos - Hirriberri - Villanueva de Aezkoa-ko Udala\" \/>\r\n<meta property=\"og:description\" content=\"FONDOS NEXT GENERATION EU EN EL MARCO DEL PLAN DE RECUPERACI\u00d3N, TRANSFORMACI\u00d3N Y RESILIENCIA (PRTR) &nbsp; &nbsp; POLITICA ANTIFRAUDE &nbsp; Canal Denuncias Antifraude Si desea denunciar hechos que puedan ser constitutivos de fraude o irregularidad en relaci\u00f3n con proyectos u&hellip;\" \/>\r\n<meta property=\"og:url\" content=\"http:\/\/www.hiriberri-villanuevadeaezkoa.es\/financiacion-fondos-europeos\/\" \/>\r\n<meta property=\"og:site_name\" content=\"Hirriberri - Villanueva de Aezkoa-ko Udala\" \/>\r\n<meta property=\"article:modified_time\" content=\"2026-04-24T10:37:08+00:00\" \/>\r\n<meta property=\"og:image\" content=\"http:\/\/www.hiriberri-villanuevadeaezkoa.es\/wp-content\/uploads\/sites\/82\/2018\/06\/Titulo.jpg\" \/>\r\n\t<meta property=\"og:image:width\" content=\"650\" \/>\r\n\t<meta property=\"og:image:height\" content=\"120\" \/>\r\n\t<meta property=\"og:image:type\" content=\"image\/jpeg\" \/>\r\n<meta name=\"twitter:card\" content=\"summary_large_image\" \/>\r\n<meta name=\"twitter:label1\" content=\"Est. reading time\" \/>\n\t<meta name=\"twitter:data1\" content=\"2 minutes\" \/>\r\n<script type=\"application\/ld+json\" class=\"yoast-schema-graph\">{\"@context\":\"https:\/\/schema.org\",\"@graph\":[{\"@type\":\"WebPage\",\"@id\":\"http:\/\/www.hiriberri-villanuevadeaezkoa.es\/financiacion-fondos-europeos\/\",\"url\":\"http:\/\/www.hiriberri-villanuevadeaezkoa.es\/financiacion-fondos-europeos\/\",\"name\":\"Financiaci\u00f3n Fondos Europeos - Hirriberri - Villanueva de Aezkoa-ko Udala\",\"isPartOf\":{\"@id\":\"http:\/\/www.hiriberri-villanuevadeaezkoa.es\/#website\"},\"primaryImageOfPage\":{\"@id\":\"http:\/\/www.hiriberri-villanuevadeaezkoa.es\/financiacion-fondos-europeos\/#primaryimage\"},\"image\":{\"@id\":\"http:\/\/www.hiriberri-villanuevadeaezkoa.es\/financiacion-fondos-europeos\/#primaryimage\"},\"thumbnailUrl\":\"http:\/\/www.hiriberri-villanuevadeaezkoa.es\/wp-content\/uploads\/sites\/82\/2018\/06\/Titulo-300x55.jpg\",\"datePublished\":\"2026-04-22T08:28:20+00:00\",\"dateModified\":\"2026-04-24T10:37:08+00:00\",\"breadcrumb\":{\"@id\":\"http:\/\/www.hiriberri-villanuevadeaezkoa.es\/financiacion-fondos-europeos\/#breadcrumb\"},\"inLanguage\":\"eu-ES\",\"potentialAction\":[{\"@type\":\"ReadAction\",\"target\":[\"http:\/\/www.hiriberri-villanuevadeaezkoa.es\/financiacion-fondos-europeos\/\"]}]},{\"@type\":\"ImageObject\",\"inLanguage\":\"eu-ES\",\"@id\":\"http:\/\/www.hiriberri-villanuevadeaezkoa.es\/financiacion-fondos-europeos\/#primaryimage\",\"url\":\"http:\/\/www.hiriberri-villanuevadeaezkoa.es\/wp-content\/uploads\/sites\/82\/2018\/06\/Titulo-300x55.jpg\",\"contentUrl\":\"http:\/\/www.hiriberri-villanuevadeaezkoa.es\/wp-content\/uploads\/sites\/82\/2018\/06\/Titulo-300x55.jpg\"},{\"@type\":\"BreadcrumbList\",\"@id\":\"http:\/\/www.hiriberri-villanuevadeaezkoa.es\/financiacion-fondos-europeos\/#breadcrumb\",\"itemListElement\":[{\"@type\":\"ListItem\",\"position\":1,\"name\":\"Portada\",\"item\":\"http:\/\/www.hiriberri-villanuevadeaezkoa.es\/\"},{\"@type\":\"ListItem\",\"position\":2,\"name\":\"Financiaci\u00f3n Fondos Europeos\"}]},{\"@type\":\"WebSite\",\"@id\":\"http:\/\/www.hiriberri-villanuevadeaezkoa.es\/#website\",\"url\":\"http:\/\/www.hiriberri-villanuevadeaezkoa.es\/\",\"name\":\"Hirriberri - Villanueva de Aezkoa-ko Udala\",\"description\":\"Hirriberri - Villanueva de Aezkoa-ko Udala\",\"potentialAction\":[{\"@type\":\"SearchAction\",\"target\":{\"@type\":\"EntryPoint\",\"urlTemplate\":\"http:\/\/www.hiriberri-villanuevadeaezkoa.es\/?s={search_term_string}\"},\"query-input\":{\"@type\":\"PropertyValueSpecification\",\"valueRequired\":true,\"valueName\":\"search_term_string\"}}],\"inLanguage\":\"eu-ES\"}]}<\/script>\r\n<!-- \/ Yoast SEO plugin. -->","yoast_head_json":{"title":"Financiaci\u00f3n Fondos Europeos - Hirriberri - Villanueva de Aezkoa-ko Udala","robots":{"index":"index","follow":"follow","max-snippet":"max-snippet:-1","max-image-preview":"max-image-preview:large","max-video-preview":"max-video-preview:-1"},"canonical":"http:\/\/www.hiriberri-villanuevadeaezkoa.es\/financiacion-fondos-europeos\/","og_locale":"eu_ES","og_type":"article","og_title":"Financiaci\u00f3n Fondos Europeos - Hirriberri - Villanueva de Aezkoa-ko Udala","og_description":"FONDOS NEXT GENERATION EU EN EL MARCO DEL PLAN DE RECUPERACI\u00d3N, TRANSFORMACI\u00d3N Y RESILIENCIA (PRTR) &nbsp; &nbsp; POLITICA ANTIFRAUDE &nbsp; Canal Denuncias Antifraude Si desea denunciar hechos que puedan ser constitutivos de fraude o irregularidad en relaci\u00f3n con proyectos u&hellip;","og_url":"http:\/\/www.hiriberri-villanuevadeaezkoa.es\/financiacion-fondos-europeos\/","og_site_name":"Hirriberri - Villanueva de Aezkoa-ko Udala","article_modified_time":"2026-04-24T10:37:08+00:00","og_image":[{"width":650,"height":120,"url":"http:\/\/www.hiriberri-villanuevadeaezkoa.es\/wp-content\/uploads\/sites\/82\/2018\/06\/Titulo.jpg","type":"image\/jpeg"}],"twitter_card":"summary_large_image","twitter_misc":{"Est. reading time":"2 minutes"},"schema":{"@context":"https:\/\/schema.org","@graph":[{"@type":"WebPage","@id":"http:\/\/www.hiriberri-villanuevadeaezkoa.es\/financiacion-fondos-europeos\/","url":"http:\/\/www.hiriberri-villanuevadeaezkoa.es\/financiacion-fondos-europeos\/","name":"Financiaci\u00f3n Fondos Europeos - Hirriberri - Villanueva de Aezkoa-ko Udala","isPartOf":{"@id":"http:\/\/www.hiriberri-villanuevadeaezkoa.es\/#website"},"primaryImageOfPage":{"@id":"http:\/\/www.hiriberri-villanuevadeaezkoa.es\/financiacion-fondos-europeos\/#primaryimage"},"image":{"@id":"http:\/\/www.hiriberri-villanuevadeaezkoa.es\/financiacion-fondos-europeos\/#primaryimage"},"thumbnailUrl":"http:\/\/www.hiriberri-villanuevadeaezkoa.es\/wp-content\/uploads\/sites\/82\/2018\/06\/Titulo-300x55.jpg","datePublished":"2026-04-22T08:28:20+00:00","dateModified":"2026-04-24T10:37:08+00:00","breadcrumb":{"@id":"http:\/\/www.hiriberri-villanuevadeaezkoa.es\/financiacion-fondos-europeos\/#breadcrumb"},"inLanguage":"eu-ES","potentialAction":[{"@type":"ReadAction","target":["http:\/\/www.hiriberri-villanuevadeaezkoa.es\/financiacion-fondos-europeos\/"]}]},{"@type":"ImageObject","inLanguage":"eu-ES","@id":"http:\/\/www.hiriberri-villanuevadeaezkoa.es\/financiacion-fondos-europeos\/#primaryimage","url":"http:\/\/www.hiriberri-villanuevadeaezkoa.es\/wp-content\/uploads\/sites\/82\/2018\/06\/Titulo-300x55.jpg","contentUrl":"http:\/\/www.hiriberri-villanuevadeaezkoa.es\/wp-content\/uploads\/sites\/82\/2018\/06\/Titulo-300x55.jpg"},{"@type":"BreadcrumbList","@id":"http:\/\/www.hiriberri-villanuevadeaezkoa.es\/financiacion-fondos-europeos\/#breadcrumb","itemListElement":[{"@type":"ListItem","position":1,"name":"Portada","item":"http:\/\/www.hiriberri-villanuevadeaezkoa.es\/"},{"@type":"ListItem","position":2,"name":"Financiaci\u00f3n Fondos Europeos"}]},{"@type":"WebSite","@id":"http:\/\/www.hiriberri-villanuevadeaezkoa.es\/#website","url":"http:\/\/www.hiriberri-villanuevadeaezkoa.es\/","name":"Hirriberri - Villanueva de Aezkoa-ko Udala","description":"Hirriberri - Villanueva de Aezkoa-ko Udala","potentialAction":[{"@type":"SearchAction","target":{"@type":"EntryPoint","urlTemplate":"http:\/\/www.hiriberri-villanuevadeaezkoa.es\/?s={search_term_string}"},"query-input":{"@type":"PropertyValueSpecification","valueRequired":true,"valueName":"search_term_string"}}],"inLanguage":"eu-ES"}]}},"_links":{"self":[{"href":"http:\/\/www.hiriberri-villanuevadeaezkoa.es\/eu\/wp-json\/wp\/v2\/pages\/18636","targetHints":{"allow":["GET"]}}],"collection":[{"href":"http:\/\/www.hiriberri-villanuevadeaezkoa.es\/eu\/wp-json\/wp\/v2\/pages"}],"about":[{"href":"http:\/\/www.hiriberri-villanuevadeaezkoa.es\/eu\/wp-json\/wp\/v2\/types\/page"}],"author":[{"embeddable":true,"href":"http:\/\/www.hiriberri-villanuevadeaezkoa.es\/eu\/wp-json\/wp\/v2\/users\/115"}],"replies":[{"embeddable":true,"href":"http:\/\/www.hiriberri-villanuevadeaezkoa.es\/eu\/wp-json\/wp\/v2\/comments?post=18636"}],"version-history":[{"count":10,"href":"http:\/\/www.hiriberri-villanuevadeaezkoa.es\/eu\/wp-json\/wp\/v2\/pages\/18636\/revisions"}],"predecessor-version":[{"id":18712,"href":"http:\/\/www.hiriberri-villanuevadeaezkoa.es\/eu\/wp-json\/wp\/v2\/pages\/18636\/revisions\/18712"}],"wp:attachment":[{"href":"http:\/\/www.hiriberri-villanuevadeaezkoa.es\/eu\/wp-json\/wp\/v2\/media?parent=18636"}],"curies":[{"name":"wp","href":"https:\/\/api.w.org\/{rel}","templated":true}]}}